{"id":59,"date":"2019-05-10T08:53:38","date_gmt":"2019-05-10T08:53:38","guid":{"rendered":"http:\/\/daphovina.khatech.vn\/?page_id=59"},"modified":"2023-12-23T12:29:03","modified_gmt":"2023-12-23T05:29:03","slug":"reservation","status":"publish","type":"page","link":"https:\/\/daphovinahotel.com\/en\/reservation","title":{"rendered":"Book Now"},"content":{"rendered":"<p><\/p>\n<div class=\"hbe-bws\">\n<section id=\"hbe-bws-page\">\n<div id=\"hbe-bws-wrapper\"> <\/div>\n<\/section>\n<\/div>\n<link type=\"text\/css\" rel=\"stylesheet\" href=\"\/\/book.securebookings.net\/css\/app.css\" \/><script type=\"text\/javascript\" src=\"\/\/book.securebookings.net\/js\/widget.all.js\"><\/script><script type=\"text\/javascript\" src=\"\/\/book.securebookings.net\/widgetCustomize?lang=en&#038;widgetType=Widget&#038;id=e63daad8-833f-1641799719-48b3-af4b-f266e123fa30&#038;ajax=true\"><\/script>\n<p>&nbsp;<\/p>\n<p><strong>Our team endeavors to provide our warm hospitality and highest service at all times. Your room is prepared with great pride and attention to details, please do not hesitate to contact our Reception at <span style=\"color: #ff0000;\">0258.3838222<\/span>\u00a0or on Ext (0) if we can make your stay more enjoyable.<\/strong><\/p>","protected":false},"excerpt":{"rendered":"<p>&nbsp; Our team endeavors to provide our warm hospitality and highest service at all times. Your room is prepared with great pride and attention to details, please do not hesitate to contact our Reception at 0258.3838222\u00a0or on Ext (0) if we can make your stay more enjoyable.<\/p>\n","protected":false},"author":1,"featured_media":861,"parent":0,"menu_order":0,"comment_status":"closed","ping_status":"closed","template":"dat-phong.php","meta":{"_acf_changed":false,"footnotes":""},"class_list":["post-59","page","type-page","status-publish","has-post-thumbnail","hentry"],"acf":[],"yoast_head":"<!-- This site is optimized with the Yoast SEO plugin v27.0 - https:\/\/yoast.com\/product\/yoast-seo-wordpress\/ -->\n<title>Book Now - Kh\u00e1ch s\u1ea1n Daphovina<\/title>\n<meta name=\"description\" content=\"Kh\u00e1ch s\u1ea1n Daphovina t\u1ecda l\u1ea1c t\u1ea1i th\u00e0nh ph\u1ed1 bi\u1ec3n Nha Trang xinh \u0111\u1eb9p, k\u1ebf b\u00ean b\u00e3i bi\u1ec3n xanh trong. Daphovina lu\u00f4n mong mu\u1ed1n mang \u0111\u1ebfn cho qu\u00fd kh\u00e1ch m\u1ed9t k\u1ef3 ngh\u1ec9 tr\u1ecdn v\u1eb9n b\u00ean b\u1edd bi\u1ec3n xinh \u0111\u1eb9p c\u00f9ng v\u1edbi h\u1ed3 b\u01a1i c\u1ee7a ch\u00fang t\u00f4i view to\u00e0n c\u1ea3nh bi\u1ec3n Nha Trang.\" \/>\n<meta name=\"robots\" content=\"index, follow, max-snippet:-1, max-image-preview:large, max-video-preview:-1\" \/>\n<link rel=\"canonical\" href=\"https:\/\/daphovinahotel.com\/reservation\" \/>\n<meta property=\"og:locale\" content=\"en_US\" \/>\n<meta property=\"og:type\" content=\"article\" \/>\n<meta property=\"og:title\" content=\"[:vi]\u0110\u1eb7t Ph\u00f2ng[:en]Book Now[:] - Kh\u00e1ch s\u1ea1n Daphovina\" \/>\n<meta property=\"og:description\" content=\"Kh\u00e1ch s\u1ea1n Daphovina t\u1ecda l\u1ea1c t\u1ea1i th\u00e0nh ph\u1ed1 bi\u1ec3n Nha Trang xinh \u0111\u1eb9p, k\u1ebf b\u00ean b\u00e3i bi\u1ec3n xanh trong. Daphovina lu\u00f4n mong mu\u1ed1n mang \u0111\u1ebfn cho qu\u00fd kh\u00e1ch m\u1ed9t k\u1ef3 ngh\u1ec9 tr\u1ecdn v\u1eb9n b\u00ean b\u1edd bi\u1ec3n xinh \u0111\u1eb9p c\u00f9ng v\u1edbi h\u1ed3 b\u01a1i c\u1ee7a ch\u00fang t\u00f4i view to\u00e0n c\u1ea3nh bi\u1ec3n Nha Trang.\" \/>\n<meta property=\"og:url\" content=\"https:\/\/daphovinahotel.com\/reservation\" \/>\n<meta property=\"og:site_name\" content=\"Kh\u00e1ch s\u1ea1n Daphovina\" \/>\n<meta property=\"article:publisher\" content=\"https:\/\/www.facebook.com\/hoteldaphovina\" \/>\n<meta property=\"article:modified_time\" content=\"2023-12-23T05:29:03+00:00\" \/>\n<meta property=\"og:image\" content=\"https:\/\/daphovinahotel.com\/wp-content\/uploads\/2023\/12\/ASTON-SUITE-OCEAN-VIEW-1-1-1024x683.jpg\" \/>\n\t<meta property=\"og:image:width\" content=\"1024\" \/>\n\t<meta property=\"og:image:height\" content=\"683\" \/>\n\t<meta property=\"og:image:type\" content=\"image\/jpeg\" \/>\n<meta name=\"twitter:card\" content=\"summary_large_image\" \/>\n<meta name=\"twitter:label1\" content=\"Est. reading time\" \/>\n\t<meta name=\"twitter:data1\" content=\"1 minute\" \/>\n<script type=\"application\/ld+json\" class=\"yoast-schema-graph\">{\"@context\":\"https:\/\/schema.org\",\"@graph\":[{\"@type\":\"WebPage\",\"@id\":\"https:\/\/daphovinahotel.com\/reservation\",\"url\":\"https:\/\/daphovinahotel.com\/reservation\",\"name\":\"[:vi]\u0110\u1eb7t Ph\u00f2ng[:en]Book Now[:] - Kh\u00e1ch s\u1ea1n Daphovina\",\"isPartOf\":{\"@id\":\"https:\/\/daphovinahotel.com\/#website\"},\"primaryImageOfPage\":{\"@id\":\"https:\/\/daphovinahotel.com\/reservation#primaryimage\"},\"image\":{\"@id\":\"https:\/\/daphovinahotel.com\/reservation#primaryimage\"},\"thumbnailUrl\":\"https:\/\/daphovinahotel.com\/wp-content\/uploads\/2023\/12\/ASTON-SUITE-OCEAN-VIEW-1-1.jpg\",\"datePublished\":\"2019-05-10T08:53:38+00:00\",\"dateModified\":\"2023-12-23T05:29:03+00:00\",\"description\":\"Kh\u00e1ch s\u1ea1n Daphovina t\u1ecda l\u1ea1c t\u1ea1i th\u00e0nh ph\u1ed1 bi\u1ec3n Nha Trang xinh \u0111\u1eb9p, k\u1ebf b\u00ean b\u00e3i bi\u1ec3n xanh trong. Daphovina lu\u00f4n mong mu\u1ed1n mang \u0111\u1ebfn cho qu\u00fd kh\u00e1ch m\u1ed9t k\u1ef3 ngh\u1ec9 tr\u1ecdn v\u1eb9n b\u00ean b\u1edd bi\u1ec3n xinh \u0111\u1eb9p c\u00f9ng v\u1edbi h\u1ed3 b\u01a1i c\u1ee7a ch\u00fang t\u00f4i view to\u00e0n c\u1ea3nh bi\u1ec3n Nha Trang.\",\"breadcrumb\":{\"@id\":\"https:\/\/daphovinahotel.com\/reservation#breadcrumb\"},\"inLanguage\":\"en-US\",\"potentialAction\":[{\"@type\":\"ReadAction\",\"target\":[\"https:\/\/daphovinahotel.com\/reservation\"]}]},{\"@type\":\"ImageObject\",\"inLanguage\":\"en-US\",\"@id\":\"https:\/\/daphovinahotel.com\/reservation#primaryimage\",\"url\":\"https:\/\/daphovinahotel.com\/wp-content\/uploads\/2023\/12\/ASTON-SUITE-OCEAN-VIEW-1-1.jpg\",\"contentUrl\":\"https:\/\/daphovinahotel.com\/wp-content\/uploads\/2023\/12\/ASTON-SUITE-OCEAN-VIEW-1-1.jpg\",\"width\":8200,\"height\":5471},{\"@type\":\"BreadcrumbList\",\"@id\":\"https:\/\/daphovinahotel.com\/reservation#breadcrumb\",\"itemListElement\":[{\"@type\":\"ListItem\",\"position\":1,\"name\":\"Trang ch\u1ee7\",\"item\":\"https:\/\/daphovinahotel.com\/\"},{\"@type\":\"ListItem\",\"position\":2,\"name\":\"\u0110\u1eb7t Ph\u00f2ng\"}]},{\"@type\":\"WebSite\",\"@id\":\"https:\/\/daphovinahotel.com\/#website\",\"url\":\"https:\/\/daphovinahotel.com\/\",\"name\":\"Kh\u00e1ch s\u1ea1n Daphovina\",\"description\":\"Kh\u00e1ch s\u1ea1n Daphovina view bi\u1ec3n Nha Trang view \u0111\u1eb9p\",\"publisher\":{\"@id\":\"https:\/\/daphovinahotel.com\/#organization\"},\"potentialAction\":[{\"@type\":\"SearchAction\",\"target\":{\"@type\":\"EntryPoint\",\"urlTemplate\":\"https:\/\/daphovinahotel.com\/?s={search_term_string}\"},\"query-input\":{\"@type\":\"PropertyValueSpecification\",\"valueRequired\":true,\"valueName\":\"search_term_string\"}}],\"inLanguage\":\"en-US\"},{\"@type\":\"Organization\",\"@id\":\"https:\/\/daphovinahotel.com\/#organization\",\"name\":\"Kh\u00e1ch s\u1ea1n Daphovina\",\"url\":\"https:\/\/daphovinahotel.com\/\",\"logo\":{\"@type\":\"ImageObject\",\"inLanguage\":\"en-US\",\"@id\":\"https:\/\/daphovinahotel.com\/#\/schema\/logo\/image\/\",\"url\":\"https:\/\/daphovinahotel.com\/wp-content\/uploads\/2023\/12\/cropped-LOGO-01.png\",\"contentUrl\":\"https:\/\/daphovinahotel.com\/wp-content\/uploads\/2023\/12\/cropped-LOGO-01.png\",\"width\":512,\"height\":512,\"caption\":\"Kh\u00e1ch s\u1ea1n Daphovina\"},\"image\":{\"@id\":\"https:\/\/daphovinahotel.com\/#\/schema\/logo\/image\/\"},\"sameAs\":[\"https:\/\/www.facebook.com\/hoteldaphovina\"]}]}<\/script>\n<!-- \/ Yoast SEO plugin. -->","yoast_head_json":{"title":"[:vi]\u0110\u1eb7t Ph\u00f2ng[:en]Book Now[:] - Kh\u00e1ch s\u1ea1n Daphovina","description":"Kh\u00e1ch s\u1ea1n Daphovina t\u1ecda l\u1ea1c t\u1ea1i th\u00e0nh ph\u1ed1 bi\u1ec3n Nha Trang xinh \u0111\u1eb9p, k\u1ebf b\u00ean b\u00e3i bi\u1ec3n xanh trong. Daphovina lu\u00f4n mong mu\u1ed1n mang \u0111\u1ebfn cho qu\u00fd kh\u00e1ch m\u1ed9t k\u1ef3 ngh\u1ec9 tr\u1ecdn v\u1eb9n b\u00ean b\u1edd bi\u1ec3n xinh \u0111\u1eb9p c\u00f9ng v\u1edbi h\u1ed3 b\u01a1i c\u1ee7a ch\u00fang t\u00f4i view to\u00e0n c\u1ea3nh bi\u1ec3n Nha Trang.","robots":{"index":"index","follow":"follow","max-snippet":"max-snippet:-1","max-image-preview":"max-image-preview:large","max-video-preview":"max-video-preview:-1"},"canonical":"https:\/\/daphovinahotel.com\/reservation","og_locale":"en_US","og_type":"article","og_title":"[:vi]\u0110\u1eb7t Ph\u00f2ng[:en]Book Now[:] - Kh\u00e1ch s\u1ea1n Daphovina","og_description":"Kh\u00e1ch s\u1ea1n Daphovina t\u1ecda l\u1ea1c t\u1ea1i th\u00e0nh ph\u1ed1 bi\u1ec3n Nha Trang xinh \u0111\u1eb9p, k\u1ebf b\u00ean b\u00e3i bi\u1ec3n xanh trong. Daphovina lu\u00f4n mong mu\u1ed1n mang \u0111\u1ebfn cho qu\u00fd kh\u00e1ch m\u1ed9t k\u1ef3 ngh\u1ec9 tr\u1ecdn v\u1eb9n b\u00ean b\u1edd bi\u1ec3n xinh \u0111\u1eb9p c\u00f9ng v\u1edbi h\u1ed3 b\u01a1i c\u1ee7a ch\u00fang t\u00f4i view to\u00e0n c\u1ea3nh bi\u1ec3n Nha Trang.","og_url":"https:\/\/daphovinahotel.com\/reservation","og_site_name":"Kh\u00e1ch s\u1ea1n Daphovina","article_publisher":"https:\/\/www.facebook.com\/hoteldaphovina","article_modified_time":"2023-12-23T05:29:03+00:00","og_image":[{"width":1024,"height":683,"url":"https:\/\/daphovinahotel.com\/wp-content\/uploads\/2023\/12\/ASTON-SUITE-OCEAN-VIEW-1-1-1024x683.jpg","type":"image\/jpeg"}],"twitter_card":"summary_large_image","twitter_misc":{"Est. reading time":"1 minute"},"schema":{"@context":"https:\/\/schema.org","@graph":[{"@type":"WebPage","@id":"https:\/\/daphovinahotel.com\/reservation","url":"https:\/\/daphovinahotel.com\/reservation","name":"[:vi]\u0110\u1eb7t Ph\u00f2ng[:en]Book Now[:] - Kh\u00e1ch s\u1ea1n Daphovina","isPartOf":{"@id":"https:\/\/daphovinahotel.com\/#website"},"primaryImageOfPage":{"@id":"https:\/\/daphovinahotel.com\/reservation#primaryimage"},"image":{"@id":"https:\/\/daphovinahotel.com\/reservation#primaryimage"},"thumbnailUrl":"https:\/\/daphovinahotel.com\/wp-content\/uploads\/2023\/12\/ASTON-SUITE-OCEAN-VIEW-1-1.jpg","datePublished":"2019-05-10T08:53:38+00:00","dateModified":"2023-12-23T05:29:03+00:00","description":"Kh\u00e1ch s\u1ea1n Daphovina t\u1ecda l\u1ea1c t\u1ea1i th\u00e0nh ph\u1ed1 bi\u1ec3n Nha Trang xinh \u0111\u1eb9p, k\u1ebf b\u00ean b\u00e3i bi\u1ec3n xanh trong. Daphovina lu\u00f4n mong mu\u1ed1n mang \u0111\u1ebfn cho qu\u00fd kh\u00e1ch m\u1ed9t k\u1ef3 ngh\u1ec9 tr\u1ecdn v\u1eb9n b\u00ean b\u1edd bi\u1ec3n xinh \u0111\u1eb9p c\u00f9ng v\u1edbi h\u1ed3 b\u01a1i c\u1ee7a ch\u00fang t\u00f4i view to\u00e0n c\u1ea3nh bi\u1ec3n Nha Trang.","breadcrumb":{"@id":"https:\/\/daphovinahotel.com\/reservation#breadcrumb"},"inLanguage":"en-US","potentialAction":[{"@type":"ReadAction","target":["https:\/\/daphovinahotel.com\/reservation"]}]},{"@type":"ImageObject","inLanguage":"en-US","@id":"https:\/\/daphovinahotel.com\/reservation#primaryimage","url":"https:\/\/daphovinahotel.com\/wp-content\/uploads\/2023\/12\/ASTON-SUITE-OCEAN-VIEW-1-1.jpg","contentUrl":"https:\/\/daphovinahotel.com\/wp-content\/uploads\/2023\/12\/ASTON-SUITE-OCEAN-VIEW-1-1.jpg","width":8200,"height":5471},{"@type":"BreadcrumbList","@id":"https:\/\/daphovinahotel.com\/reservation#breadcrumb","itemListElement":[{"@type":"ListItem","position":1,"name":"Trang ch\u1ee7","item":"https:\/\/daphovinahotel.com\/"},{"@type":"ListItem","position":2,"name":"\u0110\u1eb7t Ph\u00f2ng"}]},{"@type":"WebSite","@id":"https:\/\/daphovinahotel.com\/#website","url":"https:\/\/daphovinahotel.com\/","name":"Kh\u00e1ch s\u1ea1n Daphovina","description":"Kh\u00e1ch s\u1ea1n Daphovina view bi\u1ec3n Nha Trang view \u0111\u1eb9p","publisher":{"@id":"https:\/\/daphovinahotel.com\/#organization"},"potentialAction":[{"@type":"SearchAction","target":{"@type":"EntryPoint","urlTemplate":"https:\/\/daphovinahotel.com\/?s={search_term_string}"},"query-input":{"@type":"PropertyValueSpecification","valueRequired":true,"valueName":"search_term_string"}}],"inLanguage":"en-US"},{"@type":"Organization","@id":"https:\/\/daphovinahotel.com\/#organization","name":"Kh\u00e1ch s\u1ea1n Daphovina","url":"https:\/\/daphovinahotel.com\/","logo":{"@type":"ImageObject","inLanguage":"en-US","@id":"https:\/\/daphovinahotel.com\/#\/schema\/logo\/image\/","url":"https:\/\/daphovinahotel.com\/wp-content\/uploads\/2023\/12\/cropped-LOGO-01.png","contentUrl":"https:\/\/daphovinahotel.com\/wp-content\/uploads\/2023\/12\/cropped-LOGO-01.png","width":512,"height":512,"caption":"Kh\u00e1ch s\u1ea1n Daphovina"},"image":{"@id":"https:\/\/daphovinahotel.com\/#\/schema\/logo\/image\/"},"sameAs":["https:\/\/www.facebook.com\/hoteldaphovina"]}]}},"_links":{"self":[{"href":"https:\/\/daphovinahotel.com\/en\/wp-json\/wp\/v2\/pages\/59","targetHints":{"allow":["GET"]}}],"collection":[{"href":"https:\/\/daphovinahotel.com\/en\/wp-json\/wp\/v2\/pages"}],"about":[{"href":"https:\/\/daphovinahotel.com\/en\/wp-json\/wp\/v2\/types\/page"}],"author":[{"embeddable":true,"href":"https:\/\/daphovinahotel.com\/en\/wp-json\/wp\/v2\/users\/1"}],"replies":[{"embeddable":true,"href":"https:\/\/daphovinahotel.com\/en\/wp-json\/wp\/v2\/comments?post=59"}],"version-history":[{"count":5,"href":"https:\/\/daphovinahotel.com\/en\/wp-json\/wp\/v2\/pages\/59\/revisions"}],"predecessor-version":[{"id":843,"href":"https:\/\/daphovinahotel.com\/en\/wp-json\/wp\/v2\/pages\/59\/revisions\/843"}],"wp:featuredmedia":[{"embeddable":true,"href":"https:\/\/daphovinahotel.com\/en\/wp-json\/wp\/v2\/media\/861"}],"wp:attachment":[{"href":"https:\/\/daphovinahotel.com\/en\/wp-json\/wp\/v2\/media?parent=59"}],"curies":[{"name":"wp","href":"https:\/\/api.w.org\/{rel}","templated":true}]}}